{"id":2506,"date":"2024-09-11T16:05:54","date_gmt":"2024-09-11T14:05:54","guid":{"rendered":"https:\/\/www.mamagenda.ch\/?page_id=2506"},"modified":"2024-09-11T16:06:55","modified_gmt":"2024-09-11T14:06:55","slug":"informazioni-legali","status":"publish","type":"page","link":"https:\/\/www.mamagenda.ch\/it\/informazioni-legali\/","title":{"rendered":"Informazioni legali"},"content":{"rendered":"<h2>Chi siamo?<\/h2>\n<p>Il sito mamagenda.ch \u00e8 pubblicato da Travail.Suisse, l&#8217;organizzazione mantello indipendente dei lavoratori, con sede a Berna (Svizzera).<\/p>\n<h2>I cookie<\/h2>\n<p>mamagenda.ch utilizza i cosiddetti cookie di sessione per aumentare la sicurezza e la funzionalit\u00e0. I cookie vengono inviati dal computer di mamagenda al browser. Vengono memorizzati solo temporaneamente e non vengono memorizzati in modo permanente sul disco rigido (a differenza dei \u201ccookie permanenti\u201d). Non memorizzano alcun dato personale. La loro validit\u00e0 scade automaticamente al termine della sessione.<\/p>\n<h2>Esclusione di responsabilit\u00e0<\/h2>\n<p>I contenuti di questo sito web rappresentano un&#8217;offerta informativa non vincolante. Sebbene le informazioni siano regolarmente controllate per garantirne la correttezza e l&#8217;aggiornamento, non ci assumiamo alcuna responsabilit\u00e0 per eventuali conseguenze indesiderate derivanti dall&#8217;utilizzo di tali informazioni. Il nostro sito web contiene collegamenti ipertestuali a offerte di terzi. L&#8217;utente utilizza questi collegamenti ipertestuali a proprio rischio e pericolo. Non ci assumiamo alcuna responsabilit\u00e0 per il contenuto di questi siti. Non ci assumiamo alcuna responsabilit\u00e0 per la costante disponibilit\u00e0 del nostro sito web o per eventuali danni (ad es. interruzione della connessione, virus) che possono derivare dall&#8217;uso del nostro sito web.<\/p>\n<h2>Protezione dei dati<\/h2>\n<p>I dati personali raccolti durante l&#8217;utilizzo di questo sito web saranno utilizzati esclusivamente per i servizi richiesti e non saranno trasmessi a terzi. L&#8217;accesso a questo sito web non \u00e8 criptato. Quando si utilizzano i moduli di contatto e altri campi di immissione su questo sito web, la trasmissione \u00e8 criptata. Di solito rispondiamo alle richieste ricevute in questo modo o tramite il modulo di contatto via e-mail. Se non lo desiderate, siete pregati di indicarlo nella richiesta.<\/p>\n<h2>Contenuti incorporati da altri siti web<\/h2>\n<p>Gli articoli di questo sito web possono contenere contenuti incorporati (ad es. video, immagini, articoli, ecc.). Questi siti web possono raccogliere dati sull&#8217;utente, utilizzare cookie, incorporare strumenti di tracciamento di terze parti e tracciare le interazioni dell&#8217;utente con questi contenuti incorporati se l&#8217;utente dispone di un account sul rispettivo sito web a cui ha effettuato l&#8217;accesso.<\/p>\n<h2>Copyright<\/h2>\n<p>Questo sito web \u00e8 protetto da copyright. Il download e la stampa dei contenuti sono autorizzati. Senza il previo consenso scritto di Travail.Suisse, \u00e8 vietata qualsiasi altra riproduzione, modifica e ulteriore utilizzo, compreso il codice sorgente, che non sia autorizzato dalla legge.<\/p>\n","protected":false},"excerpt":{"rendered":"<p>Chi siamo? Il sito mamagenda.ch \u00e8 pubblicato da Travail.Suisse, l&#8217;organizzazione mantello indipendente dei lavoratori, con sede a Berna (Svizzera). I cookie mamagenda.ch utilizza i cosiddetti cookie di sessione per aumentare la sicurezza e la funzionalit\u00e0. I cookie vengono inviati dal computer di mamagenda al browser. Vengono memorizzati solo temporaneamente e non vengono memorizzati in modo [&hellip;]<\/p>\n","protected":false},"author":2,"featured_media":0,"parent":0,"menu_order":0,"comment_status":"closed","ping_status":"open","template":"","meta":{"_et_pb_use_builder":"","_et_pb_old_content":"","_et_gb_content_width":"","inline_featured_image":false,"footnotes":""},"class_list":["post-2506","page","type-page","status-publish","hentry"],"jetpack_sharing_enabled":true,"_links":{"self":[{"href":"https:\/\/www.mamagenda.ch\/it\/wp-json\/wp\/v2\/pages\/2506","targetHints":{"allow":["GET"]}}],"collection":[{"href":"https:\/\/www.mamagenda.ch\/it\/wp-json\/wp\/v2\/pages"}],"about":[{"href":"https:\/\/www.mamagenda.ch\/it\/wp-json\/wp\/v2\/types\/page"}],"author":[{"embeddable":true,"href":"https:\/\/www.mamagenda.ch\/it\/wp-json\/wp\/v2\/users\/2"}],"replies":[{"embeddable":true,"href":"https:\/\/www.mamagenda.ch\/it\/wp-json\/wp\/v2\/comments?post=2506"}],"version-history":[{"count":1,"href":"https:\/\/www.mamagenda.ch\/it\/wp-json\/wp\/v2\/pages\/2506\/revisions"}],"predecessor-version":[{"id":2507,"href":"https:\/\/www.mamagenda.ch\/it\/wp-json\/wp\/v2\/pages\/2506\/revisions\/2507"}],"wp:attachment":[{"href":"https:\/\/www.mamagenda.ch\/it\/wp-json\/wp\/v2\/media?parent=2506"}],"curies":[{"name":"wp","href":"https:\/\/api.w.org\/{rel}","templated":true}]}}