{"id":2499,"date":"2024-09-11T15:58:35","date_gmt":"2024-09-11T13:58:35","guid":{"rendered":"https:\/\/www.mamagenda.ch\/?page_id=2499"},"modified":"2024-09-11T16:02:10","modified_gmt":"2024-09-11T14:02:10","slug":"rechtliches","status":"publish","type":"page","link":"https:\/\/www.mamagenda.ch\/de\/rechtliches\/","title":{"rendered":"Rechtliches"},"content":{"rendered":"<div class=\"entry-content\">\n<h2 class=\"wp-block-heading\">Wer sind wir ?<\/h2>\n<p>Die Website mamagenda.ch wird von Travail.Suisse, der unabh\u00e4ngigen Dachorganisation der Arbeitnehmenden, in Bern (Schweiz) ver\u00f6ffentlicht.<\/p>\n<h2 class=\"wp-block-heading\">Cookies<\/h2>\n<p>mamagenda.ch setzt zur Erh\u00f6hung der Sicherheit und Funktionalit\u00e4t sogenannte Session-Cookies ein. Die Cookies werden vom mamagenda-Rechner an den Browser gesandt. Dort verbleiben Sie nur im Zwischenspeicher und werden nicht dauerhaft auf die Festplatte geschrieben (im Gegensatz zu den \u201cdauerhaften oder persistenten Cookies\u201d). Sie speichern keine personenbezogenen Daten. Ihre G\u00fcltigkeit erlischt automatisch mit dem Beenden der Session.<\/p>\n<h2>Haftungsausschluss<\/h2>\n<p>Die Inhalte dieser Website stellen ein unverbindliches Informationsangebot dar. Obwohl die Informationen regelm\u00e4ssig auf Richtigkeit und Aktualit\u00e4t hin gepr\u00fcft werden, lehnen wir jede Haftung f\u00fcr unerw\u00fcnschte Folgen aus dem Gebrauch dieser Informationen ab. Unsere Website beinhaltet Hyperlinks zu Angeboten von Dritten. Sie benutzen diese Hyperlinks auf eigenes Risiko. F\u00fcr die Inhalte dieser Sites \u00fcbernehmen wir keine Verantwortung. Von unserer Haftung ausgeschlossen ist die Garantie f\u00fcr die st\u00e4ndige Verf\u00fcgbarkeit unseres Online-Angebotes sowie Sch\u00e4den (z.B. Verbindungsunterbruch, Viren), die aus der Benutzung unserer Website entstehen k\u00f6nnten.<\/p>\n<h2>Datenschutz<\/h2>\n<p>Die bei der Benutzung der Website anfallenden pers\u00f6nlichen Daten werden ausschliesslich zu der von Ihnen gew\u00fcnschten Dienstleistungen erhoben und bearbeitet und nicht an Dritte weitergegeben. Der Zugang zu dieser Website erfolgt unverschl\u00fcsselt. Bei Verwendung der Kontaktformulare und anderen Eingabefeldern auf dieser Website erfolgt die \u00dcbermittlung verschl\u00fcsselt. \u00dcblicherweise beantworten wir Anfragen, die wir auf diesem Weg oder gegebenenfalls \u00fcber das Kontaktformular erhalten, auch per E-Mail. Sollten Sie dies nicht w\u00fcnschen, bitten wir Sie, dies im Rahmen der Anfrage anzumerken.<\/p>\n<p>&nbsp;<\/p>\n<\/div>\n<h2>Eingebettete Inhalte von anderen Websites<\/h2>\n<p>Die Artikel auf dieser Website k\u00f6nnen eingebettete Inhalte enthalten (z. B. Videos, Bilder, Artikel &#8230;). Diese Websites k\u00f6nnen Daten \u00fcber Sie sammeln, Cookies verwenden, Tracking-Tools von Drittanbietern einbetten und Ihre Interaktionen mit diesen eingebetteten Inhalten verfolgen, wenn Sie auf der jeweiligen Website ein Konto haben, das Sie eingeloggt haben.<\/p>\n<h2 class=\"entry-content\">Copyright<\/h2>\n<p class=\"entry-content\">Diese Website ist urheberrechtlich gesch\u00fctzt. Das Herunterladen und Ausdrucken von Inhalten ist gestattet. Ohne die vorherige schriftliche Zustimmung von Travail.Suisse ist jede weitere nicht gesetzlich erlaubte Vervielf\u00e4ltigung, Ver\u00e4nderung und Weiterverwendung, auch des Quellcodes, untersagt.<\/p>\n","protected":false},"excerpt":{"rendered":"<p>Wer sind wir ? Die Website mamagenda.ch wird von Travail.Suisse, der unabh\u00e4ngigen Dachorganisation der Arbeitnehmenden, in Bern (Schweiz) ver\u00f6ffentlicht. Cookies mamagenda.ch setzt zur Erh\u00f6hung der Sicherheit und Funktionalit\u00e4t sogenannte Session-Cookies ein. Die Cookies werden vom mamagenda-Rechner an den Browser gesandt. Dort verbleiben Sie nur im Zwischenspeicher und werden nicht dauerhaft auf die Festplatte geschrieben (im [&hellip;]<\/p>\n","protected":false},"author":2,"featured_media":0,"parent":0,"menu_order":0,"comment_status":"closed","ping_status":"open","template":"","meta":{"_et_pb_use_builder":"","_et_pb_old_content":"","_et_gb_content_width":"","inline_featured_image":false,"footnotes":""},"class_list":["post-2499","page","type-page","status-publish","hentry"],"jetpack_sharing_enabled":true,"_links":{"self":[{"href":"https:\/\/www.mamagenda.ch\/de\/wp-json\/wp\/v2\/pages\/2499","targetHints":{"allow":["GET"]}}],"collection":[{"href":"https:\/\/www.mamagenda.ch\/de\/wp-json\/wp\/v2\/pages"}],"about":[{"href":"https:\/\/www.mamagenda.ch\/de\/wp-json\/wp\/v2\/types\/page"}],"author":[{"embeddable":true,"href":"https:\/\/www.mamagenda.ch\/de\/wp-json\/wp\/v2\/users\/2"}],"replies":[{"embeddable":true,"href":"https:\/\/www.mamagenda.ch\/de\/wp-json\/wp\/v2\/comments?post=2499"}],"version-history":[{"count":3,"href":"https:\/\/www.mamagenda.ch\/de\/wp-json\/wp\/v2\/pages\/2499\/revisions"}],"predecessor-version":[{"id":2505,"href":"https:\/\/www.mamagenda.ch\/de\/wp-json\/wp\/v2\/pages\/2499\/revisions\/2505"}],"wp:attachment":[{"href":"https:\/\/www.mamagenda.ch\/de\/wp-json\/wp\/v2\/media?parent=2499"}],"curies":[{"name":"wp","href":"https:\/\/api.w.org\/{rel}","templated":true}]}}